{"id":249,"date":"2016-11-06T05:24:56","date_gmt":"2016-11-06T05:24:56","guid":{"rendered":"https:\/\/ninetheme.com\/themes\/landium\/?page_id=2"},"modified":"2021-12-10T00:02:14","modified_gmt":"2021-12-10T00:02:14","slug":"about","status":"publish","type":"page","link":"https:\/\/artikwolfcr.com\/","title":{"rendered":"Home 1"},"content":{"rendered":"<p>[vc_row][vc_column]<a id=\"home\" class=\"ancor\"><\/a><div id=\"start-screen\" class=\"start-screen start-screen--static-bg start-screen--static-bg--style-1\"><div class=\"start-screen__static-bg parallax\" data-stellar-background-ratio=\"0.5\" data-stellar-vertical-offset=\"300\" data-stellar-offset-parent=\"true\" style=\"background-image: url(https:\/\/artikwolfcr.com\/wp-content\/uploads\/2016\/11\/hero1.jpg)\"><div class=\"pattern\" style=\"background-color:rgba(0,0,0,0.61)\"><\/div><\/div><div class=\"start-screen__content-container\"><div class=\"start-screen__content\"><div class=\"v-align\"><div class=\"v-bottom\"><div class=\"container\"><div class=\"row\"><div class=\"col-xs-12 col-sm-7\"><h1 class=\"title\">Potenciamos la Transofrmaci\u00f3n Digital<\/h1><p class=\"hero-desc\">En Artik creemos que en una era caracterizada por la Digitalizaci\u00f3n, la Transformaci\u00f3n Digital no conoce fronteras. Conozca nuestro proceso de negocio para beneficiar el ahorro y la eficiencia en el consumo de servicios en Tecnolog\u00eda. <\/p><p class=\"hero-btn\"><a href=\"#services\" class=\"start-screen__btn\" style=\" color:#ffffff!important; background-color:#00b7d5!important;\">M\u00e1s Informaci\u00f3n<\/a><\/p><\/div><div class=\"col-xs-12 col-sm-5 col-md-4 col-md-offset-1\"><div class=\"hero-form\"><div class=\"text\"><h4 class=\"heading\">Cont\u00e1ctenos!<\/h4><p class=\"form-desc\">En Atrik Wolf resolvemos los requerimientos puntuales de negocio a trav\u00e9s de los servicios de recursos o outsourcing a demanda.<\/p><\/div><div role=\"form\" class=\"wpcf7\" id=\"wpcf7-f8-o1\" lang=\"en\" dir=\"ltr\">\n<div class=\"screen-reader-response\"><p role=\"status\" aria-live=\"polite\" aria-atomic=\"true\"><\/p> <ul><\/ul><\/div>\n<form action=\"\/index.php\/wp-json\/wp\/v2\/pages\/249#wpcf7-f8-o1\" method=\"post\" class=\"wpcf7-form init\" novalidate=\"novalidate\" data-status=\"init\">\n<div style=\"display: none;\">\n<input type=\"hidden\" name=\"_wpcf7\" value=\"8\" \/>\n<input type=\"hidden\" name=\"_wpcf7_version\" value=\"5.5.3\" \/>\n<input type=\"hidden\" name=\"_wpcf7_locale\" value=\"en\" \/>\n<input type=\"hidden\" name=\"_wpcf7_unit_tag\" value=\"wpcf7-f8-o1\" \/>\n<input type=\"hidden\" name=\"_wpcf7_container_post\" value=\"0\" \/>\n<input type=\"hidden\" name=\"_wpcf7_posted_data_hash\" value=\"\" \/>\n<\/div>\n<p><label class=\"input-wrp\"><span class=\"wpcf7-form-control-wrap text-206\"><input type=\"text\" name=\"text-206\" value=\"\" size=\"40\" class=\"wpcf7-form-control wpcf7-text wpcf7-validates-as-required\" aria-required=\"true\" aria-invalid=\"false\" placeholder=\"Nombre\" \/><\/span><i class=\"fontello-user\"><\/i><\/label><br \/>\n<label class=\"input-wrp\"><span class=\"wpcf7-form-control-wrap text-207\"><input type=\"text\" name=\"text-207\" value=\"\" size=\"40\" class=\"wpcf7-form-control wpcf7-text wpcf7-validates-as-required\" aria-required=\"true\" aria-invalid=\"false\" placeholder=\"E-mail\" \/><\/span><i class=\"fontello-mail\"><\/i><\/label><br \/>\n<label class=\"input-wrp\"><span class=\"wpcf7-form-control-wrap text-208\"><input type=\"text\" name=\"text-208\" value=\"\" size=\"40\" class=\"wpcf7-form-control wpcf7-text\" aria-invalid=\"false\" placeholder=\"Tel\u00e9fono\" \/><\/span><i class=\"fontello-mobile\"><\/i><\/label><\/p>\n<p class=\"note\">*Nota: Uno de nuestros representantes se pondr\u00e1 en contacto a la brevedad.<\/p>\n<div class=\"btn-wrp\"><input type=\"submit\" value=\"Solicitar Informaci\u00f3n\" class=\"wpcf7-form-control has-spinner wpcf7-submit submit-btn\" \/><\/div>\n<div class=\"wpcf7-response-output\" aria-hidden=\"true\"><\/div><\/form><\/div><\/div><\/div><\/div><\/div><\/div><\/div><\/div><\/div><\/div>[\/vc_column][\/vc_row][vc_row][vc_column]<!-- start section --><a id=\"about\" class=\"ancor\"><\/a><section class=\"section section-about section-about--style-1 section--background-base\"><div class=\"container-fluid\"><div class=\"section-heading section-heading--center section-heading--white  hidden-md hidden-lg\"><h2 class=\"title h1\">\u00bfQui\u00e9nes Somos?<\/h2><p class=\"sec-desc\"><strong>En Artik creemos que en una era caracterizada por la Digitalizaci\u00f3n, la Transformaci\u00f3n Digital no conoce fronteras.<\/strong><\/p><\/div><div class=\"row\"><div class=\"col-xs-12 col-md-6\"><div class=\"img-place\"><img decoding=\"async\" class=\"center-block\" src=\"https:\/\/artikwolfcr.com\/wp-content\/uploads\/2021\/12\/nosotros.png\" alt=\"demo\" \/><\/div><\/div><\/div><\/div><div class=\"container\"><div class=\"row\"><div class=\"col-xs-12 col-md-6 col-md-offset-6\"><div class=\"col-md-MB-30\"><div class=\"section-heading section-heading--left section-heading--white  visible-md visible-lg\"><h2 class=\"title h1\">\u00bfQui\u00e9nes Somos?<\/h2><p class=\"sec-desc\"><strong>En Artik creemos que en una era caracterizada por la Digitalizaci\u00f3n, la Transformaci\u00f3n Digital no conoce fronteras.<\/strong><\/p><\/div><\/div><p class=\"\">Reunimos un grupo de Profesionales en distintas disciplinas que potencian los procesos de transformaci\u00f3n empresarial. Nuestro Perfil T\u00e9cnico Funcional enriquecido con la experiencia continua de m\u00e1s de diez a\u00f1os en Tecnolog\u00edas de primer mundo como Google, Salesforce, Flokzu, Mcafee, entre otras, nos permite acompa\u00f1ar a las empresas en sus procesos de transformaci\u00f3n colocando al cliente en el centro de su estrategia, creando modelos de negocio m\u00e1s eficientes, \u00e1giles y enfocados en sus clientes.\nEn Artik apoyamos a las empresas a crear experiencias memorables para sus clientes que finalmente se conviertan en transacciones exitosas.<\/p><p class=\"sec-btn\"><a href=\"#footer\" class=\"custom-btn light inverted\">Cont\u00e1ctenos<\/a><\/p><\/div><\/div><\/div><\/section><!-- end section -->[\/vc_column][\/vc_row][vc_row css=&#8221;.vc_custom_1638989012774{background-color: #ffffff !important;}&#8221;][vc_column]<!-- start section --><a id=\"services\" class=\"ancor\"><\/a><section class=\"section\"><div class=\"container\"><div class=\"section-heading section-heading--center\"><h2 class=\"title h1\">Nuestros Servicios<\/h2><p class=\"sec-desc\">\u00bfAlguna vez has o\u00eddo hablar de los servicios on- demand o en espa\u00f1ol a demanda? Se trata de un servicio ofrecido por una empresa de tecnolog\u00eda con el objetivo de satisfacer inmediatamente la demanda del consumo.<\/p><\/div><div class=\"list-with-icon list-with-icon--style-1\"><div class=\"list__inner\"><div class=\"row\"><!-- start item --><div class=\"col-xs-12 col-md-4\"><div class=\"list__item\"><img decoding=\"async\" class=\"list__item__ico img-responsive img-center\" src=\"https:\/\/artikwolfcr.com\/wp-content\/uploads\/2021\/12\/servicio-1.png\" alt=\"img-icon\" \/><h3 class=\"list__item__title\" style=\" text-align:center!important;\">Recursos T\u00e9cnicos a Demanda<\/h3><p class=\"list-desc\">Contamos con un robusto  portafolio de recursos  a nivel T\u00e9cnico y Funcional, especializados en tecnolog\u00edas  de primer mundo como GOOGLE, SALESFORCE, ADOBE, MCAFEE, FLOKZU, entre otros, bajo el modelo de utilizaci\u00f3n por demanda o contrataci\u00f3n de servicios a demanda.\n\nNuestro equipo se encuentra disponible y accesible para asistir en sus requerimientos de negocio bajo un procedimiento de mejora continua y de controles consumo y resultado.\n<\/p><\/div><\/div><!-- end item --><!-- start item --><div class=\"col-xs-12 col-md-4\"><div class=\"list__item\"><img decoding=\"async\" class=\"list__item__ico img-responsive img-center\" src=\"https:\/\/artikwolfcr.com\/wp-content\/uploads\/2021\/12\/servicio-2.png\" alt=\"img-icon\" \/><h3 class=\"list__item__title\" style=\" text-align:center!important;\">Consultores a Demanda<\/h3><p class=\"list-desc\">Disfrute de los servicios de consultores Funcionales de Negocio provenientes de escuelas de negocio de  Europa como EDA, o Centroam\u00e9rica INCAE. Recursos especializados en diagn\u00f3sticos de negocio previo a una implementaci\u00f3n de soluciones de Ventas, Servicio o Mercadeo.<\/p><\/div><\/div><!-- end item --><!-- start item --><div class=\"col-xs-12 col-md-4\"><div class=\"list__item\"><img decoding=\"async\" class=\"list__item__ico img-responsive img-center\" src=\"https:\/\/artikwolfcr.com\/wp-content\/uploads\/2021\/12\/servicio-3.png\" alt=\"img-icon\" \/><h3 class=\"list__item__title\" style=\" text-align:center!important;\">Ciberseguridad<\/h3><p class=\"list-desc\">Active nuestros recursos t\u00e9cnicos para realizar Penetration Test, pruebas de seguridad en sus redes sociales, sitios web, apps, entre otros<\/p><\/div><\/div><!-- end item --><\/div><\/div><\/div><\/div><\/section><!-- end section -->[\/vc_column][\/vc_row][vc_row css=&#8221;.vc_custom_1638989012774{background-color: #ffffff !important;}&#8221;][vc_column]<!-- start section --><a id=\"steps\" class=\"ancor\"><\/a><section class=\"section section--background-base-light vc_custom_1639091034770\"><div class=\"container\"><div class=\"section-heading section-heading--center\"><h2 class=\"title h1\">Nuestro Proceso<\/h2><p class=\"sec-desc\">En Artik Wolf resolvemos los requerimientos puntuales de negocio a trav\u00e9s de los servicios de recursos o outsourcing a demanda. Nuestro objetivo es facilitar el talento indicado para resolver los retos puntuales de los negocios de una manera sencilla, \u00e1gil y eficiente, bajo un modelo de consumo por demanda.<\/p><\/div><div class=\"list-with-icon list-with-icon--style-4\"><div class=\"list__inner\"><div class=\"row\"><!-- start item --><div class=\"col-xs-12 col-sm-6 col-md-4\"><div class=\"list__item text-center\"><img decoding=\"async\" class=\"list__item__ico img-responsive\" src=\"https:\/\/artikwolfcr.com\/wp-content\/uploads\/2021\/12\/numero-1.png\" alt=\"img-icon\" \/><h3 class=\"list__item__title\">Cu\u00e9ntamos tus Necesidades<\/h3><\/div><\/div><!-- end item --><!-- start item --><div class=\"col-xs-12 col-sm-6 col-md-4\"><div class=\"list__item text-center\"><img decoding=\"async\" class=\"list__item__ico img-responsive\" src=\"https:\/\/artikwolfcr.com\/wp-content\/uploads\/2021\/12\/numero-2.png\" alt=\"img-icon\" \/><h3 class=\"list__item__title\">Conoce a los Candidatos<\/h3><\/div><\/div><!-- end item --><!-- start item --><div class=\"col-xs-12 col-sm-6 col-md-4\"><div class=\"list__item text-center\"><img decoding=\"async\" class=\"list__item__ico img-responsive\" src=\"https:\/\/artikwolfcr.com\/wp-content\/uploads\/2021\/12\/numero-3.png\" alt=\"img-icon\" \/><h3 class=\"list__item__title\">Empecemos a Trabajar!<\/h3><\/div><\/div><!-- end item --><\/div><\/div><\/div><\/div><\/section><!-- end section -->[\/vc_column][\/vc_row]<\/p>\n","protected":false},"excerpt":{"rendered":"<p>[vc_row][vc_column][\/vc_column][\/vc_row][vc_row][vc_column][\/vc_column][\/vc_row][vc_row css=&#8221;.vc_custom_1638989012774{background-color: #ffffff !important;}&#8221;][vc_column][\/vc_column][\/vc_row][vc_row css=&#8221;.vc_custom_1638989012774{background-color: #ffffff !important;}&#8221;][vc_column][\/vc_column][\/vc_row]<\/p>\n","protected":false},"author":1,"featured_media":0,"parent":0,"menu_order":0,"comment_status":"open","ping_status":"open","template":"one-page-template.php","meta":{"footnotes":""},"class_list":["post-249","page","type-page","status-publish","hentry",""],"_links":{"self":[{"href":"https:\/\/artikwolfcr.com\/index.php\/wp-json\/wp\/v2\/pages\/249","targetHints":{"allow":["GET"]}}],"collection":[{"href":"https:\/\/artikwolfcr.com\/index.php\/wp-json\/wp\/v2\/pages"}],"about":[{"href":"https:\/\/artikwolfcr.com\/index.php\/wp-json\/wp\/v2\/types\/page"}],"author":[{"embeddable":true,"href":"https:\/\/artikwolfcr.com\/index.php\/wp-json\/wp\/v2\/users\/1"}],"replies":[{"embeddable":true,"href":"https:\/\/artikwolfcr.com\/index.php\/wp-json\/wp\/v2\/comments?post=249"}],"version-history":[{"count":31,"href":"https:\/\/artikwolfcr.com\/index.php\/wp-json\/wp\/v2\/pages\/249\/revisions"}],"predecessor-version":[{"id":350,"href":"https:\/\/artikwolfcr.com\/index.php\/wp-json\/wp\/v2\/pages\/249\/revisions\/350"}],"wp:attachment":[{"href":"https:\/\/artikwolfcr.com\/index.php\/wp-json\/wp\/v2\/media?parent=249"}],"curies":[{"name":"wp","href":"https:\/\/api.w.org\/{rel}","templated":true}]}}